{"id":100,"date":"2024-04-29T17:54:08","date_gmt":"2024-04-29T17:54:08","guid":{"rendered":"https:\/\/studiomomoh.com\/?page_id=100"},"modified":"2024-05-02T17:45:53","modified_gmt":"2024-05-02T17:45:53","slug":"faqs","status":"publish","type":"page","link":"https:\/\/studiomomoh.com\/esp\/faqs\/","title":{"rendered":"Faqs"},"content":{"rendered":"<div id=\"pl-100\"  class=\"panel-layout\" ><div id=\"pg-100-0\"  class=\"panel-grid panel-no-style\" ><div id=\"pgc-100-0-0\"  class=\"panel-grid-cell\" ><div id=\"panel-100-0-0-0\" class=\"widget_text so-panel widget widget_custom_html panel-first-child panel-last-child\" data-index=\"0\" ><div class=\"textwidget custom-html-widget\"><div class=\"section\" style=\"padding-top: 20px\">\n\t<h1>\n\t\tFaq's\n\t<\/h1>\n<\/div><\/div><\/div><\/div><\/div><div id=\"pg-100-1\"  class=\"panel-grid panel-no-style\" ><div id=\"pgc-100-1-0\"  class=\"panel-grid-cell\" ><div id=\"panel-100-1-0-0\" class=\"so-panel widget widget_sow-accordion panel-first-child panel-last-child\" data-index=\"1\" ><div\n\t\t\t\n\t\t\tclass=\"so-widget-sow-accordion so-widget-sow-accordion-default-d9295f5bfa93-100\"\n\t\t\t\n\t\t><div>\n\t<div class=\"sow-accordion\">\n\t\t\t<div class=\"sow-accordion-panel\n\t\t sow-accordion-panel-open\t\t\t\"\n\t\t\t\tdata-anchor-id=\"que-tipo-de-cabello-utilizan-para-las-extensiones-en-studio-momoh\">\n\t\t\t\t\t<div class=\"sow-accordion-panel-header-container\" role=\"heading\" aria-level=\"2\">\n\t\t\t\t\t<div class=\"sow-accordion-panel-header\" tabindex=\"0\" role=\"button\" id=\"accordion-label-%c2%bfqu%c3%a9-tipo-de-cabello-utilizan-para-las%c2%a0-extensiones-en-studio%c2%a0-momoh\" aria-controls=\"accordion-content-%c2%bfqu%c3%a9-tipo-de-cabello-utilizan-para-las%c2%a0-extensiones-en-studio%c2%a0-momoh\" aria-expanded=\"true\">\n\t\t\t\t\t\t<div class=\"sow-accordion-title sow-accordion-title-icon-left\">\n\t\t\t\t\t\t\t\t\t\t\t\t\t\t\u00bfQu\u00e9 tipo de cabello utilizan para las\u00a0 extensiones en Studio\u00a0 Momoh?\t\t\t\t\t\t\t\t\t\t\t\t\t<\/div>\n\t\t\t\t\t\t<div class=\"sow-accordion-open-close-button\">\n\t\t\t\t\t\t\t<div class=\"sow-accordion-open-button\">\n\t\t\t\t\t\t\t\t<span class=\"sow-icon-ionicons\" data-sow-icon=\"&#xf218;\"\n\t\t \n\t\taria-hidden=\"true\"><\/span>\t\t\t\t\t\t\t<\/div>\n\t\t\t\t\t\t\t<div class=\"sow-accordion-close-button\">\n\t\t\t\t\t\t\t\t<span class=\"sow-icon-ionicons\" data-sow-icon=\"&#xf209;\"\n\t\t \n\t\taria-hidden=\"true\"><\/span>\t\t\t\t\t\t\t<\/div>\n\t\t\t\t\t\t<\/div>\n\t\t\t\t\t<\/div>\n\t\t\t\t<\/div>\n\n\t\t\t<div\n\t\t\t\tclass=\"sow-accordion-panel-content\"\n\t\t\t\trole=\"region\"\n\t\t\t\taria-labelledby=\"accordion-label-%c2%bfqu%c3%a9-tipo-de-cabello-utilizan-para-las%c2%a0-extensiones-en-studio%c2%a0-momoh\"\n\t\t\t\tid=\"accordion-content-%c2%bfqu%c3%a9-tipo-de-cabello-utilizan-para-las%c2%a0-extensiones-en-studio%c2%a0-momoh\"\n\t\t\t\t\t\t\t>\n\t\t\t\t<div class=\"sow-accordion-panel-border\">\n\t\t\t\t\t<p>\u00danicamente cabello humano , virgen y natural de selecci\u00f3n premium<\/p>\t\t\t\t<\/div>\n\t\t\t<\/div>\n\t\t<\/div>\n\t\t\t<div class=\"sow-accordion-panel\n\t\t\t\t\t\"\n\t\t\t\tdata-anchor-id=\"las-extensiones-trozan-mi-cabello\">\n\t\t\t\t\t<div class=\"sow-accordion-panel-header-container\" role=\"heading\" aria-level=\"2\">\n\t\t\t\t\t<div class=\"sow-accordion-panel-header\" tabindex=\"0\" role=\"button\" id=\"accordion-label-%c2%bflas%c2%a0-extensiones-trozan-mi-cabello\" aria-controls=\"accordion-content-%c2%bflas%c2%a0-extensiones-trozan-mi-cabello\" aria-expanded=\"false\">\n\t\t\t\t\t\t<div class=\"sow-accordion-title sow-accordion-title-icon-left\">\n\t\t\t\t\t\t\t\t\t\t\t\t\t\t\u00bfLas\u00a0 extensiones trozan mi cabello?\t\t\t\t\t\t\t\t\t\t\t\t\t<\/div>\n\t\t\t\t\t\t<div class=\"sow-accordion-open-close-button\">\n\t\t\t\t\t\t\t<div class=\"sow-accordion-open-button\">\n\t\t\t\t\t\t\t\t<span class=\"sow-icon-ionicons\" data-sow-icon=\"&#xf218;\"\n\t\t \n\t\taria-hidden=\"true\"><\/span>\t\t\t\t\t\t\t<\/div>\n\t\t\t\t\t\t\t<div class=\"sow-accordion-close-button\">\n\t\t\t\t\t\t\t\t<span class=\"sow-icon-ionicons\" data-sow-icon=\"&#xf209;\"\n\t\t \n\t\taria-hidden=\"true\"><\/span>\t\t\t\t\t\t\t<\/div>\n\t\t\t\t\t\t<\/div>\n\t\t\t\t\t<\/div>\n\t\t\t\t<\/div>\n\n\t\t\t<div\n\t\t\t\tclass=\"sow-accordion-panel-content\"\n\t\t\t\trole=\"region\"\n\t\t\t\taria-labelledby=\"accordion-label-%c2%bflas%c2%a0-extensiones-trozan-mi-cabello\"\n\t\t\t\tid=\"accordion-content-%c2%bflas%c2%a0-extensiones-trozan-mi-cabello\"\n\t\t\t\tstyle=\"display: none;\"\t\t\t>\n\t\t\t\t<div class=\"sow-accordion-panel-border\">\n\t\t\t\t\tUna buena aplicaci\u00f3n nunca trozara tu cabello. Lo mismo es para un retiro, nunca deben trozar el cabello, todo lo contrario, el uso correcto de las extensiones beneficia el crecimiento de tu cabello\t\t\t\t<\/div>\n\t\t\t<\/div>\n\t\t<\/div>\n\t\t\t<div class=\"sow-accordion-panel\n\t\t\t\t\t\"\n\t\t\t\tdata-anchor-id=\"que-tipo-de-aplicaciones-hay-para-la-colocacion-de-mis-extensiones\">\n\t\t\t\t\t<div class=\"sow-accordion-panel-header-container\" role=\"heading\" aria-level=\"2\">\n\t\t\t\t\t<div class=\"sow-accordion-panel-header\" tabindex=\"0\" role=\"button\" id=\"accordion-label-%c2%bfqu%c3%a9-tipo-de-aplicaciones-hay-para-la-colocaci%c3%b3n-de-mis-extensiones\" aria-controls=\"accordion-content-%c2%bfqu%c3%a9-tipo-de-aplicaciones-hay-para-la-colocaci%c3%b3n-de-mis-extensiones\" aria-expanded=\"false\">\n\t\t\t\t\t\t<div class=\"sow-accordion-title sow-accordion-title-icon-left\">\n\t\t\t\t\t\t\t\t\t\t\t\t\t\t\u00bfQu\u00e9 tipo de aplicaciones hay para la colocaci\u00f3n de mis extensiones?\t\t\t\t\t\t\t\t\t\t\t\t\t<\/div>\n\t\t\t\t\t\t<div class=\"sow-accordion-open-close-button\">\n\t\t\t\t\t\t\t<div class=\"sow-accordion-open-button\">\n\t\t\t\t\t\t\t\t<span class=\"sow-icon-ionicons\" data-sow-icon=\"&#xf218;\"\n\t\t \n\t\taria-hidden=\"true\"><\/span>\t\t\t\t\t\t\t<\/div>\n\t\t\t\t\t\t\t<div class=\"sow-accordion-close-button\">\n\t\t\t\t\t\t\t\t<span class=\"sow-icon-ionicons\" data-sow-icon=\"&#xf209;\"\n\t\t \n\t\taria-hidden=\"true\"><\/span>\t\t\t\t\t\t\t<\/div>\n\t\t\t\t\t\t<\/div>\n\t\t\t\t\t<\/div>\n\t\t\t\t<\/div>\n\n\t\t\t<div\n\t\t\t\tclass=\"sow-accordion-panel-content\"\n\t\t\t\trole=\"region\"\n\t\t\t\taria-labelledby=\"accordion-label-%c2%bfqu%c3%a9-tipo-de-aplicaciones-hay-para-la-colocaci%c3%b3n-de-mis-extensiones\"\n\t\t\t\tid=\"accordion-content-%c2%bfqu%c3%a9-tipo-de-aplicaciones-hay-para-la-colocaci%c3%b3n-de-mis-extensiones\"\n\t\t\t\tstyle=\"display: none;\"\t\t\t>\n\t\t\t\t<div class=\"sow-accordion-panel-border\">\n\t\t\t\t\tExisten muchas t\u00e9cnicas pero las m\u00e1s utilizadas en Studio Momoh son: Grapa, microchip, cosy chip, nano chip, , baby 3d, keratina, nudo, tape y nanogel\t\t\t\t<\/div>\n\t\t\t<\/div>\n\t\t<\/div>\n\t\t\t<div class=\"sow-accordion-panel\n\t\t\t\t\t\"\n\t\t\t\tdata-anchor-id=\"como-saber-cual-es-la-tecnica-adecuada-para-mi\">\n\t\t\t\t\t<div class=\"sow-accordion-panel-header-container\" role=\"heading\" aria-level=\"2\">\n\t\t\t\t\t<div class=\"sow-accordion-panel-header\" tabindex=\"0\" role=\"button\" id=\"accordion-label-c%c3%b3mo-saber-cu%c3%a1l-es-la-t%c3%a9cnica-adecuada-para-mi\" aria-controls=\"accordion-content-c%c3%b3mo-saber-cu%c3%a1l-es-la-t%c3%a9cnica-adecuada-para-mi\" aria-expanded=\"false\">\n\t\t\t\t\t\t<div class=\"sow-accordion-title sow-accordion-title-icon-left\">\n\t\t\t\t\t\t\t\t\t\t\t\t\t\tC\u00f3mo saber cu\u00e1l es la t\u00e9cnica adecuada para mi?\t\t\t\t\t\t\t\t\t\t\t\t\t<\/div>\n\t\t\t\t\t\t<div class=\"sow-accordion-open-close-button\">\n\t\t\t\t\t\t\t<div class=\"sow-accordion-open-button\">\n\t\t\t\t\t\t\t\t<span class=\"sow-icon-ionicons\" data-sow-icon=\"&#xf218;\"\n\t\t \n\t\taria-hidden=\"true\"><\/span>\t\t\t\t\t\t\t<\/div>\n\t\t\t\t\t\t\t<div class=\"sow-accordion-close-button\">\n\t\t\t\t\t\t\t\t<span class=\"sow-icon-ionicons\" data-sow-icon=\"&#xf209;\"\n\t\t \n\t\taria-hidden=\"true\"><\/span>\t\t\t\t\t\t\t<\/div>\n\t\t\t\t\t\t<\/div>\n\t\t\t\t\t<\/div>\n\t\t\t\t<\/div>\n\n\t\t\t<div\n\t\t\t\tclass=\"sow-accordion-panel-content\"\n\t\t\t\trole=\"region\"\n\t\t\t\taria-labelledby=\"accordion-label-c%c3%b3mo-saber-cu%c3%a1l-es-la-t%c3%a9cnica-adecuada-para-mi\"\n\t\t\t\tid=\"accordion-content-c%c3%b3mo-saber-cu%c3%a1l-es-la-t%c3%a9cnica-adecuada-para-mi\"\n\t\t\t\tstyle=\"display: none;\"\t\t\t>\n\t\t\t\t<div class=\"sow-accordion-panel-border\">\n\t\t\t\t\tSon varios factores a calificar pero los 4 principales son:\n\n- El grosor de tu cabello (delgado o grueso)\n\n- Textura de tu cabello (ondulado, lacio, quebrado, chino, rizado)\n\n- Cantidad de cabello que posees\n\n- La condici\u00f3n de tu cabello, si tu cabello est\u00e1 nutrido o requiere tratamientos incluso antes de la aplicaci\u00f3n\t\t\t\t<\/div>\n\t\t\t<\/div>\n\t\t<\/div>\n\t\t\t<div class=\"sow-accordion-panel\n\t\t\t\t\t\"\n\t\t\t\tdata-anchor-id=\"cuales-son-los-beneficios-de-acudir-a-un-salon-con-extensionistas-certificados\">\n\t\t\t\t\t<div class=\"sow-accordion-panel-header-container\" role=\"heading\" aria-level=\"2\">\n\t\t\t\t\t<div class=\"sow-accordion-panel-header\" tabindex=\"0\" role=\"button\" id=\"accordion-label-%c2%bfcu%c3%a1les-son-los-beneficios-de-acudir-a-un-sal%c3%b3n-con-extensionistas-certificados\" aria-controls=\"accordion-content-%c2%bfcu%c3%a1les-son-los-beneficios-de-acudir-a-un-sal%c3%b3n-con-extensionistas-certificados\" aria-expanded=\"false\">\n\t\t\t\t\t\t<div class=\"sow-accordion-title sow-accordion-title-icon-left\">\n\t\t\t\t\t\t\t\t\t\t\t\t\t\t\u00bfCu\u00e1les son los beneficios de acudir a un sal\u00f3n con extensionistas certificados?\t\t\t\t\t\t\t\t\t\t\t\t\t<\/div>\n\t\t\t\t\t\t<div class=\"sow-accordion-open-close-button\">\n\t\t\t\t\t\t\t<div class=\"sow-accordion-open-button\">\n\t\t\t\t\t\t\t\t<span class=\"sow-icon-ionicons\" data-sow-icon=\"&#xf218;\"\n\t\t \n\t\taria-hidden=\"true\"><\/span>\t\t\t\t\t\t\t<\/div>\n\t\t\t\t\t\t\t<div class=\"sow-accordion-close-button\">\n\t\t\t\t\t\t\t\t<span class=\"sow-icon-ionicons\" data-sow-icon=\"&#xf209;\"\n\t\t \n\t\taria-hidden=\"true\"><\/span>\t\t\t\t\t\t\t<\/div>\n\t\t\t\t\t\t<\/div>\n\t\t\t\t\t<\/div>\n\t\t\t\t<\/div>\n\n\t\t\t<div\n\t\t\t\tclass=\"sow-accordion-panel-content\"\n\t\t\t\trole=\"region\"\n\t\t\t\taria-labelledby=\"accordion-label-%c2%bfcu%c3%a1les-son-los-beneficios-de-acudir-a-un-sal%c3%b3n-con-extensionistas-certificados\"\n\t\t\t\tid=\"accordion-content-%c2%bfcu%c3%a1les-son-los-beneficios-de-acudir-a-un-sal%c3%b3n-con-extensionistas-certificados\"\n\t\t\t\tstyle=\"display: none;\"\t\t\t>\n\t\t\t\t<div class=\"sow-accordion-panel-border\">\n\t\t\t\t\tUn extensionista profesional, conoce los productos de mayor calidad, el proceso de evaluaci\u00f3n de cuero cabelludo, selecci\u00f3n de t\u00e9cnica, aplicaci\u00f3n y mantenimiento de las extensiones para as\u00ed lograr un servicio personalizado\t\t\t\t<\/div>\n\t\t\t<\/div>\n\t\t<\/div>\n\t\t\t<div class=\"sow-accordion-panel\n\t\t\t\t\t\"\n\t\t\t\tdata-anchor-id=\"las-extensiones-duelen\">\n\t\t\t\t\t<div class=\"sow-accordion-panel-header-container\" role=\"heading\" aria-level=\"2\">\n\t\t\t\t\t<div class=\"sow-accordion-panel-header\" tabindex=\"0\" role=\"button\" id=\"accordion-label-%c2%bflas-extensiones-duelen\" aria-controls=\"accordion-content-%c2%bflas-extensiones-duelen\" aria-expanded=\"false\">\n\t\t\t\t\t\t<div class=\"sow-accordion-title sow-accordion-title-icon-left\">\n\t\t\t\t\t\t\t\t\t\t\t\t\t\t\u00bfLas extensiones duelen?\t\t\t\t\t\t\t\t\t\t\t\t\t<\/div>\n\t\t\t\t\t\t<div class=\"sow-accordion-open-close-button\">\n\t\t\t\t\t\t\t<div class=\"sow-accordion-open-button\">\n\t\t\t\t\t\t\t\t<span class=\"sow-icon-ionicons\" data-sow-icon=\"&#xf218;\"\n\t\t \n\t\taria-hidden=\"true\"><\/span>\t\t\t\t\t\t\t<\/div>\n\t\t\t\t\t\t\t<div class=\"sow-accordion-close-button\">\n\t\t\t\t\t\t\t\t<span class=\"sow-icon-ionicons\" data-sow-icon=\"&#xf209;\"\n\t\t \n\t\taria-hidden=\"true\"><\/span>\t\t\t\t\t\t\t<\/div>\n\t\t\t\t\t\t<\/div>\n\t\t\t\t\t<\/div>\n\t\t\t\t<\/div>\n\n\t\t\t<div\n\t\t\t\tclass=\"sow-accordion-panel-content\"\n\t\t\t\trole=\"region\"\n\t\t\t\taria-labelledby=\"accordion-label-%c2%bflas-extensiones-duelen\"\n\t\t\t\tid=\"accordion-content-%c2%bflas-extensiones-duelen\"\n\t\t\t\tstyle=\"display: none;\"\t\t\t>\n\t\t\t\t<div class=\"sow-accordion-panel-border\">\n\t\t\t\t\tNo, pero hay t\u00e9cnicas mucho m\u00e1s c\u00f3modas que otras\t\t\t\t<\/div>\n\t\t\t<\/div>\n\t\t<\/div>\n\t\t\t<div class=\"sow-accordion-panel\n\t\t\t\t\t\"\n\t\t\t\tdata-anchor-id=\"como-es-el-retoque-en-mis-extensiones\">\n\t\t\t\t\t<div class=\"sow-accordion-panel-header-container\" role=\"heading\" aria-level=\"2\">\n\t\t\t\t\t<div class=\"sow-accordion-panel-header\" tabindex=\"0\" role=\"button\" id=\"accordion-label-%c2%bfc%c3%b3mo-es-el-retoque-en-mis-extensiones\" aria-controls=\"accordion-content-%c2%bfc%c3%b3mo-es-el-retoque-en-mis-extensiones\" aria-expanded=\"false\">\n\t\t\t\t\t\t<div class=\"sow-accordion-title sow-accordion-title-icon-left\">\n\t\t\t\t\t\t\t\t\t\t\t\t\t\t\u00bfC\u00f3mo es el retoque en mis extensiones?\t\t\t\t\t\t\t\t\t\t\t\t\t<\/div>\n\t\t\t\t\t\t<div class=\"sow-accordion-open-close-button\">\n\t\t\t\t\t\t\t<div class=\"sow-accordion-open-button\">\n\t\t\t\t\t\t\t\t<span class=\"sow-icon-ionicons\" data-sow-icon=\"&#xf218;\"\n\t\t \n\t\taria-hidden=\"true\"><\/span>\t\t\t\t\t\t\t<\/div>\n\t\t\t\t\t\t\t<div class=\"sow-accordion-close-button\">\n\t\t\t\t\t\t\t\t<span class=\"sow-icon-ionicons\" data-sow-icon=\"&#xf209;\"\n\t\t \n\t\taria-hidden=\"true\"><\/span>\t\t\t\t\t\t\t<\/div>\n\t\t\t\t\t\t<\/div>\n\t\t\t\t\t<\/div>\n\t\t\t\t<\/div>\n\n\t\t\t<div\n\t\t\t\tclass=\"sow-accordion-panel-content\"\n\t\t\t\trole=\"region\"\n\t\t\t\taria-labelledby=\"accordion-label-%c2%bfc%c3%b3mo-es-el-retoque-en-mis-extensiones\"\n\t\t\t\tid=\"accordion-content-%c2%bfc%c3%b3mo-es-el-retoque-en-mis-extensiones\"\n\t\t\t\tstyle=\"display: none;\"\t\t\t>\n\t\t\t\t<div class=\"sow-accordion-panel-border\">\n\t\t\t\t\tCuando te hacemos tu colocaci\u00f3n de extensiones, tienen una duraci\u00f3n de entre 2 y 3 meses, esto depende mucho de la t\u00e9cnica de aplicaci\u00f3n y sobre todo qu\u00e9 tan r\u00e1pido crece tu cabello\n\nPara tu retoque acudes a nuestra sucursal, te hacemos el retiro y volvemos a preparar el cabello para volverlo a colocar\t\t\t\t<\/div>\n\t\t\t<\/div>\n\t\t<\/div>\n\t\t\t<div class=\"sow-accordion-panel\n\t\t\t\t\t\"\n\t\t\t\tdata-anchor-id=\"como-puedo-cotizar-unas-extensiones\">\n\t\t\t\t\t<div class=\"sow-accordion-panel-header-container\" role=\"heading\" aria-level=\"2\">\n\t\t\t\t\t<div class=\"sow-accordion-panel-header\" tabindex=\"0\" role=\"button\" id=\"accordion-label-%c2%bfc%c3%b3mo-puedo-cotizar-unas-extensiones\" aria-controls=\"accordion-content-%c2%bfc%c3%b3mo-puedo-cotizar-unas-extensiones\" aria-expanded=\"false\">\n\t\t\t\t\t\t<div class=\"sow-accordion-title sow-accordion-title-icon-left\">\n\t\t\t\t\t\t\t\t\t\t\t\t\t\t\u00bfC\u00f3mo  puedo cotizar unas extensiones?\t\t\t\t\t\t\t\t\t\t\t\t\t<\/div>\n\t\t\t\t\t\t<div class=\"sow-accordion-open-close-button\">\n\t\t\t\t\t\t\t<div class=\"sow-accordion-open-button\">\n\t\t\t\t\t\t\t\t<span class=\"sow-icon-ionicons\" data-sow-icon=\"&#xf218;\"\n\t\t \n\t\taria-hidden=\"true\"><\/span>\t\t\t\t\t\t\t<\/div>\n\t\t\t\t\t\t\t<div class=\"sow-accordion-close-button\">\n\t\t\t\t\t\t\t\t<span class=\"sow-icon-ionicons\" data-sow-icon=\"&#xf209;\"\n\t\t \n\t\taria-hidden=\"true\"><\/span>\t\t\t\t\t\t\t<\/div>\n\t\t\t\t\t\t<\/div>\n\t\t\t\t\t<\/div>\n\t\t\t\t<\/div>\n\n\t\t\t<div\n\t\t\t\tclass=\"sow-accordion-panel-content\"\n\t\t\t\trole=\"region\"\n\t\t\t\taria-labelledby=\"accordion-label-%c2%bfc%c3%b3mo-puedo-cotizar-unas-extensiones\"\n\t\t\t\tid=\"accordion-content-%c2%bfc%c3%b3mo-puedo-cotizar-unas-extensiones\"\n\t\t\t\tstyle=\"display: none;\"\t\t\t>\n\t\t\t\t<div class=\"sow-accordion-panel-border\">\n\t\t\t\t\t- 1 Visitanos o mandanos un whatsapp para una cotizaci\u00f3n personalizada\n\n- 2 Elige a la cantidad de cabello y largo\n\n- 3 Puedes escoger si prefieres en color natural, te\u00f1idas o con dise\u00f1o de color\n\n- 4 Elige el tipo de microenlace para tu aplicaci\u00f3n\n\n- 5 Listo! agendamos tu cita para que disfrutes de una cabellera larga y abundante\n\nRecuerda que todas las cotizaciones son personalizadas\t\t\t\t<\/div>\n\t\t\t<\/div>\n\t\t<\/div>\n\t\t\t<div class=\"sow-accordion-panel\n\t\t\t\t\t\"\n\t\t\t\tdata-anchor-id=\"pueden-aplicarme-extensiones-sin-hacerme-proceso-de-color-en-mi-cabello\">\n\t\t\t\t\t<div class=\"sow-accordion-panel-header-container\" role=\"heading\" aria-level=\"2\">\n\t\t\t\t\t<div class=\"sow-accordion-panel-header\" tabindex=\"0\" role=\"button\" id=\"accordion-label-%c2%bfpueden-aplicarme-extensiones-sin-hacerme-proceso-de-color-en-mi-cabello\" aria-controls=\"accordion-content-%c2%bfpueden-aplicarme-extensiones-sin-hacerme-proceso-de-color-en-mi-cabello\" aria-expanded=\"false\">\n\t\t\t\t\t\t<div class=\"sow-accordion-title sow-accordion-title-icon-left\">\n\t\t\t\t\t\t\t\t\t\t\t\t\t\t\u00bfPueden aplicarme extensiones sin hacerme proceso de color en mi cabello?\t\t\t\t\t\t\t\t\t\t\t\t\t<\/div>\n\t\t\t\t\t\t<div class=\"sow-accordion-open-close-button\">\n\t\t\t\t\t\t\t<div class=\"sow-accordion-open-button\">\n\t\t\t\t\t\t\t\t<span class=\"sow-icon-ionicons\" data-sow-icon=\"&#xf218;\"\n\t\t \n\t\taria-hidden=\"true\"><\/span>\t\t\t\t\t\t\t<\/div>\n\t\t\t\t\t\t\t<div class=\"sow-accordion-close-button\">\n\t\t\t\t\t\t\t\t<span class=\"sow-icon-ionicons\" data-sow-icon=\"&#xf209;\"\n\t\t \n\t\taria-hidden=\"true\"><\/span>\t\t\t\t\t\t\t<\/div>\n\t\t\t\t\t\t<\/div>\n\t\t\t\t\t<\/div>\n\t\t\t\t<\/div>\n\n\t\t\t<div\n\t\t\t\tclass=\"sow-accordion-panel-content\"\n\t\t\t\trole=\"region\"\n\t\t\t\taria-labelledby=\"accordion-label-%c2%bfpueden-aplicarme-extensiones-sin-hacerme-proceso-de-color-en-mi-cabello\"\n\t\t\t\tid=\"accordion-content-%c2%bfpueden-aplicarme-extensiones-sin-hacerme-proceso-de-color-en-mi-cabello\"\n\t\t\t\tstyle=\"display: none;\"\t\t\t>\n\t\t\t\t<div class=\"sow-accordion-panel-border\">\n\t\t\t\t\t<p>Si, tenemos t\u00e9cnicas de dise\u00f1o de color adecuadas para que tengas un cambio de look  increible sin modificar tu color.<\/p>\t\t\t\t<\/div>\n\t\t\t<\/div>\n\t\t<\/div>\n\t\t\t<div class=\"sow-accordion-panel\n\t\t\t\t\t\"\n\t\t\t\tdata-anchor-id=\"que-cuidados-debo-tener-diariamente\">\n\t\t\t\t\t<div class=\"sow-accordion-panel-header-container\" role=\"heading\" aria-level=\"2\">\n\t\t\t\t\t<div class=\"sow-accordion-panel-header\" tabindex=\"0\" role=\"button\" id=\"accordion-label-%c2%bfqu%c3%a9-cuidados-debo-tener-diariamente\" aria-controls=\"accordion-content-%c2%bfqu%c3%a9-cuidados-debo-tener-diariamente\" aria-expanded=\"false\">\n\t\t\t\t\t\t<div class=\"sow-accordion-title sow-accordion-title-icon-left\">\n\t\t\t\t\t\t\t\t\t\t\t\t\t\t\u00bfQu\u00e9 cuidados debo tener diariamente?\t\t\t\t\t\t\t\t\t\t\t\t\t<\/div>\n\t\t\t\t\t\t<div class=\"sow-accordion-open-close-button\">\n\t\t\t\t\t\t\t<div class=\"sow-accordion-open-button\">\n\t\t\t\t\t\t\t\t<span class=\"sow-icon-ionicons\" data-sow-icon=\"&#xf218;\"\n\t\t \n\t\taria-hidden=\"true\"><\/span>\t\t\t\t\t\t\t<\/div>\n\t\t\t\t\t\t\t<div class=\"sow-accordion-close-button\">\n\t\t\t\t\t\t\t\t<span class=\"sow-icon-ionicons\" data-sow-icon=\"&#xf209;\"\n\t\t \n\t\taria-hidden=\"true\"><\/span>\t\t\t\t\t\t\t<\/div>\n\t\t\t\t\t\t<\/div>\n\t\t\t\t\t<\/div>\n\t\t\t\t<\/div>\n\n\t\t\t<div\n\t\t\t\tclass=\"sow-accordion-panel-content\"\n\t\t\t\trole=\"region\"\n\t\t\t\taria-labelledby=\"accordion-label-%c2%bfqu%c3%a9-cuidados-debo-tener-diariamente\"\n\t\t\t\tid=\"accordion-content-%c2%bfqu%c3%a9-cuidados-debo-tener-diariamente\"\n\t\t\t\tstyle=\"display: none;\"\t\t\t>\n\t\t\t\t<div class=\"sow-accordion-panel-border\">\n\t\t\t\t\tCepillado hasta crecimiento\n\nDormir con cabello trenzado\n\nUso de productos profesionales para lavado, mascarillas y exposici\u00f3n al calor\n\nNo dormir con cabello h\u00famedo\t\t\t\t<\/div>\n\t\t\t<\/div>\n\t\t<\/div>\n\t\t<\/div>\n<\/div>\n<\/div><\/div><\/div><\/div><div id=\"pg-100-2\"  class=\"panel-grid panel-no-style\" ><div id=\"pgc-100-2-0\"  class=\"panel-grid-cell\" ><div id=\"panel-100-2-0-0\" class=\"widget_text so-panel widget widget_custom_html panel-first-child panel-last-child\" data-index=\"2\" ><div class=\"textwidget custom-html-widget\"><br>\n<center><a href=\"\/contacto\" class=\"btn btn-primary\">Cont\u00e1ctanos<\/a><\/center><\/div><\/div><\/div><\/div><\/div>","protected":false},"excerpt":{"rendered":"<p>Faq&#8217;s \u00bfQu\u00e9 tipo de cabello utilizan para las\u00a0 extensiones en Studio\u00a0 Momoh? \u00danicamente cabello humano , virgen y natural de selecci\u00f3n premium \u00bfLas\u00a0 extensiones trozan mi cabello? Una buena aplicaci\u00f3n nunca trozara tu cabello. Lo mismo es para un retiro, nunca deben trozar el cabello, todo lo contrario, el uso correcto de las extensiones beneficia [&hellip;]<\/p>\n","protected":false},"author":1,"featured_media":0,"parent":0,"menu_order":0,"comment_status":"closed","ping_status":"closed","template":"templates\/template-full-notitle.php","meta":{"inline_featured_image":false,"footnotes":""},"class_list":["post-100","page","type-page","status-publish","hentry","post"],"_links":{"self":[{"href":"https:\/\/studiomomoh.com\/esp\/wp-json\/wp\/v2\/pages\/100","targetHints":{"allow":["GET"]}}],"collection":[{"href":"https:\/\/studiomomoh.com\/esp\/wp-json\/wp\/v2\/pages"}],"about":[{"href":"https:\/\/studiomomoh.com\/esp\/wp-json\/wp\/v2\/types\/page"}],"author":[{"embeddable":true,"href":"https:\/\/studiomomoh.com\/esp\/wp-json\/wp\/v2\/users\/1"}],"replies":[{"embeddable":true,"href":"https:\/\/studiomomoh.com\/esp\/wp-json\/wp\/v2\/comments?post=100"}],"version-history":[{"count":0,"href":"https:\/\/studiomomoh.com\/esp\/wp-json\/wp\/v2\/pages\/100\/revisions"}],"wp:attachment":[{"href":"https:\/\/studiomomoh.com\/esp\/wp-json\/wp\/v2\/media?parent=100"}],"curies":[{"name":"wp","href":"https:\/\/api.w.org\/{rel}","templated":true}]}}